{"id":365,"date":"2021-02-14T10:02:53","date_gmt":"2021-02-14T09:02:53","guid":{"rendered":"http:\/\/retrobrico.home.blog\/?page_id=365"},"modified":"2022-01-02T17:48:33","modified_gmt":"2022-01-02T16:48:33","slug":"accueil","status":"publish","type":"page","link":"https:\/\/retrobrico.fr\/?page_id=365","title":{"rendered":"Accueil"},"content":{"rendered":"\n<p>Bienvenu sur mon blog de bricolage r\u00e9tro \ud83e\udd17<\/p>\n\n\n\n<p>Je me suis lanc\u00e9 dans la r\u00e9paration de vieilles consoles en 2019, et j\u2019ai pens\u00e9 que r\u00e9diger un \u00ab&nbsp;journal de voyage&nbsp;\u00bb serait sympa. \u00c7a me permet de m\u2019organiser un peu et de reprendre plus facilement le bricolage d\u2019une console laiss\u00e9e de c\u00f4t\u00e9 un certain temps.<\/p>\n\n\n\n<p>Apr\u00e8s r\u00e9flexion, je me suis dit que rendre ce blog public pourrait \u00eatre sympa et aider d\u2019autres passionn\u00e9s \u00e0 bricoler&nbsp;\ud83d\ude0a<\/p>\n\n\n\n<p>Ne vous attendez pas \u00e0 avoir du contenu tous les jours !<br>Je bricole dans mon temps libre quand \u00e7a me prends, mais \u00e0 c\u00f4t\u00e9 de \u00e7a j\u2019ai un boulot et d\u2019autres hobbies, donc ce blog ne sera pas mis \u00e0 jour r\u00e9guli\u00e8rement \ud83d\ude0b<\/p>\n\n\n\n<p>Si vous voulez \u00eatre inform\u00e9s des nouveaux articles, vous pouvez vous inscrire ici via le formulaire en bas de page \ud83d\udce9<\/p>\n\n\n\n<p><s>Afin d\u2019\u00e9viter les spams, j\u2019ai d\u00fb d\u00e9sactiver les commentaires. Si vous voulez discuter vous pouvez passer par <a rel=\"noreferrer noopener\" href=\"https:\/\/www.facebook.com\/retr0bric0\" target=\"_blank\">la page Facebook du blog<\/a> ou par mail \u00e0 <a rel=\"noreferrer noopener\" href=\"mailto:retrobrico@gmail.com\" target=\"_blank\">retrobrico@gmail.com<\/a>.<\/s><\/p>\n\n\n\n<p><strong>Nouveaut\u00e9s 2022 : <\/strong><br> &#8211; Gr\u00e2ce \u00e0 la mise en place d&rsquo;un plugin qui filtre les spam, j&rsquo;ai pu r\u00e9activer les commentaires ! Vous pouvez donc laisser un message \/ une question sur chaque article \ud83d\ude42<br>&#8211; Je laisse la page Facebook active, mais plus rien n&rsquo;est publi\u00e9 dessus.<br>&#8211; Vous pouvez \u00e9videmment toujours me contacter par mail \u00e0 <a rel=\"noreferrer noopener\" href=\"mailto:retrobrico@gmail.com\" target=\"_blank\">retrobrico@gmail.com<\/a>.<\/p>\n\n\n\n<hr class=\"wp-block-separator\"\/>\n\n\n\n<h4 class=\"wp-block-heading\">Les articles sont s\u00e9par\u00e9s en 5 cat\u00e9gories :<\/h4>\n\n\n\n<ul class=\"wp-block-list\"><li><strong><a rel=\"noreferrer noopener\" href=\"http:\/\/retrobrico.fr\/?cat=4\" target=\"_blank\">Colis<\/a> <\/strong>: Unboxing de colis contenant des choses int\u00e9ressantes<\/li><li><strong><a rel=\"noreferrer noopener\" href=\"http:\/\/retrobrico.fr\/?cat=3\" target=\"_blank\">Bricolage<\/a> <\/strong>: R\u00e9paration d&rsquo;une console ou d&rsquo;un accessoire<\/li><li><strong><a rel=\"noreferrer noopener\" href=\"http:\/\/retrobrico.fr\/?cat=6\" target=\"_blank\">Tutos<\/a> <\/strong>: D\u00e9montage ou customisation<\/li><li><strong><a rel=\"noreferrer noopener\" href=\"http:\/\/retrobrico.fr\/?cat=5\" target=\"_blank\">Outils<\/a><\/strong> : Un nouvel outil li\u00e9 aux bricolages du blog<\/li><li><a rel=\"noreferrer noopener\" href=\"https:\/\/retrobrico.fr\/?cat=51\" target=\"_blank\"><strong>Tests<\/strong><\/a> : Le test d&rsquo;un truc que je trouve int\u00e9ressant de partager<\/li><\/ul>\n\n\n\n<hr class=\"wp-block-separator\"\/>\n\n\n\n<h4 class=\"wp-block-heading\">Recherche d&rsquo;une console en particulier ?<\/h4>\n\n\n<p class=\"wp-block-tag-cloud\"><a href=\"https:\/\/retrobrico.fr\/?tag=2ds\" class=\"tag-cloud-link tag-link-46 tag-link-position-1\" style=\"font-size: 9.5pt;\" aria-label=\"2DS (2 \u00e9l\u00e9ments)\">2DS<span class=\"tag-link-count\"> (2)<\/span><\/a>\n<a href=\"https:\/\/retrobrico.fr\/?tag=3ds\" class=\"tag-cloud-link tag-link-40 tag-link-position-2\" style=\"font-size: 12pt;\" aria-label=\"3DS (5 \u00e9l\u00e9ments)\">3DS<span class=\"tag-link-count\"> (5)<\/span><\/a>\n<a href=\"https:\/\/retrobrico.fr\/?tag=atari\" class=\"tag-cloud-link tag-link-8 tag-link-position-3\" style=\"font-size: 10.5pt;\" aria-label=\"Atari (3 \u00e9l\u00e9ments)\">Atari<span class=\"tag-link-count\"> (3)<\/span><\/a>\n<a href=\"https:\/\/retrobrico.fr\/?tag=bandai\" class=\"tag-cloud-link tag-link-10 tag-link-position-4\" style=\"font-size: 11.333333333333pt;\" aria-label=\"Bandai (4 \u00e9l\u00e9ments)\">Bandai<span class=\"tag-link-count\"> (4)<\/span><\/a>\n<a href=\"https:\/\/retrobrico.fr\/?tag=bigben\" class=\"tag-cloud-link tag-link-52 tag-link-position-5\" style=\"font-size: 8pt;\" aria-label=\"Bigben (1 \u00e9l\u00e9ment)\">Bigben<span class=\"tag-link-count\"> (1)<\/span><\/a>\n<a href=\"https:\/\/retrobrico.fr\/?tag=cd-i\" class=\"tag-cloud-link tag-link-11 tag-link-position-6\" style=\"font-size: 10.5pt;\" aria-label=\"CD-I (3 \u00e9l\u00e9ments)\">CD-I<span class=\"tag-link-count\"> (3)<\/span><\/a>\n<a href=\"https:\/\/retrobrico.fr\/?tag=dreamcast\" class=\"tag-cloud-link tag-link-12 tag-link-position-7\" style=\"font-size: 11.333333333333pt;\" aria-label=\"Dreamcast (4 \u00e9l\u00e9ments)\">Dreamcast<span class=\"tag-link-count\"> (4)<\/span><\/a>\n<a href=\"https:\/\/retrobrico.fr\/?tag=ds\" class=\"tag-cloud-link tag-link-13 tag-link-position-8\" style=\"font-size: 16pt;\" aria-label=\"DS (17 \u00e9l\u00e9ments)\">DS<span class=\"tag-link-count\"> (17)<\/span><\/a>\n<a href=\"https:\/\/retrobrico.fr\/?tag=game-boy\" class=\"tag-cloud-link tag-link-15 tag-link-position-9\" style=\"font-size: 16.333333333333pt;\" aria-label=\"Game Boy (19 \u00e9l\u00e9ments)\">Game Boy<span class=\"tag-link-count\"> (19)<\/span><\/a>\n<a href=\"https:\/\/retrobrico.fr\/?tag=game-boy-advance\" class=\"tag-cloud-link tag-link-43 tag-link-position-10\" style=\"font-size: 12pt;\" aria-label=\"Game Boy Advance (5 \u00e9l\u00e9ments)\">Game Boy Advance<span class=\"tag-link-count\"> (5)<\/span><\/a>\n<a href=\"https:\/\/retrobrico.fr\/?tag=game-boy-color\" class=\"tag-cloud-link tag-link-16 tag-link-position-11\" style=\"font-size: 14.166666666667pt;\" aria-label=\"Game Boy Color (10 \u00e9l\u00e9ments)\">Game Boy Color<span class=\"tag-link-count\"> (10)<\/span><\/a>\n<a href=\"https:\/\/retrobrico.fr\/?tag=game-boy-pocket\" class=\"tag-cloud-link tag-link-17 tag-link-position-12\" style=\"font-size: 13pt;\" aria-label=\"Game Boy Pocket (7 \u00e9l\u00e9ments)\">Game Boy Pocket<span class=\"tag-link-count\"> (7)<\/span><\/a>\n<a href=\"https:\/\/retrobrico.fr\/?tag=gamecube\" class=\"tag-cloud-link tag-link-19 tag-link-position-13\" style=\"font-size: 13.833333333333pt;\" aria-label=\"GameCube (9 \u00e9l\u00e9ments)\">GameCube<span class=\"tag-link-count\"> (9)<\/span><\/a>\n<a href=\"https:\/\/retrobrico.fr\/?tag=game-gear\" class=\"tag-cloud-link tag-link-18 tag-link-position-14\" style=\"font-size: 13.416666666667pt;\" aria-label=\"Game Gear (8 \u00e9l\u00e9ments)\">Game Gear<span class=\"tag-link-count\"> (8)<\/span><\/a>\n<a href=\"https:\/\/retrobrico.fr\/?tag=invite-surprise\" class=\"tag-cloud-link tag-link-63 tag-link-position-15\" style=\"font-size: 11.333333333333pt;\" aria-label=\"Invit\u00e9 surprise (4 \u00e9l\u00e9ments)\">Invit\u00e9 surprise<span class=\"tag-link-count\"> (4)<\/span><\/a>\n<a href=\"https:\/\/retrobrico.fr\/?tag=itmc\" class=\"tag-cloud-link tag-link-60 tag-link-position-16\" style=\"font-size: 9.5pt;\" aria-label=\"ITMC (2 \u00e9l\u00e9ments)\">ITMC<span class=\"tag-link-count\"> (2)<\/span><\/a>\n<a href=\"https:\/\/retrobrico.fr\/?tag=koo-interactive\" class=\"tag-cloud-link tag-link-50 tag-link-position-17\" style=\"font-size: 8pt;\" aria-label=\"Koo Interactive (1 \u00e9l\u00e9ment)\">Koo Interactive<span class=\"tag-link-count\"> (1)<\/span><\/a>\n<a href=\"https:\/\/retrobrico.fr\/?tag=lynx\" class=\"tag-cloud-link tag-link-59 tag-link-position-18\" style=\"font-size: 8pt;\" aria-label=\"Lynx (1 \u00e9l\u00e9ment)\">Lynx<span class=\"tag-link-count\"> (1)<\/span><\/a>\n<a href=\"https:\/\/retrobrico.fr\/?tag=master-system\" class=\"tag-cloud-link tag-link-21 tag-link-position-19\" style=\"font-size: 14.166666666667pt;\" aria-label=\"Master System (10 \u00e9l\u00e9ments)\">Master System<span class=\"tag-link-count\"> (10)<\/span><\/a>\n<a href=\"https:\/\/retrobrico.fr\/?tag=mega-drive\" class=\"tag-cloud-link tag-link-22 tag-link-position-20\" style=\"font-size: 16.166666666667pt;\" aria-label=\"Mega Drive \/ Genesis (18 \u00e9l\u00e9ments)\">Mega Drive \/ Genesis<span class=\"tag-link-count\"> (18)<\/span><\/a>\n<a href=\"https:\/\/retrobrico.fr\/?tag=microsoft\" class=\"tag-cloud-link tag-link-57 tag-link-position-21\" style=\"font-size: 9.5pt;\" aria-label=\"Microsoft (2 \u00e9l\u00e9ments)\">Microsoft<span class=\"tag-link-count\"> (2)<\/span><\/a>\n<a href=\"https:\/\/retrobrico.fr\/?tag=nes\" class=\"tag-cloud-link tag-link-24 tag-link-position-22\" style=\"font-size: 16pt;\" aria-label=\"NES \/ FC (17 \u00e9l\u00e9ments)\">NES \/ FC<span class=\"tag-link-count\"> (17)<\/span><\/a>\n<a href=\"https:\/\/retrobrico.fr\/?tag=nintendo\" class=\"tag-cloud-link tag-link-25 tag-link-position-23\" style=\"font-size: 22pt;\" aria-label=\"Nintendo (94 \u00e9l\u00e9ments)\">Nintendo<span class=\"tag-link-count\"> (94)<\/span><\/a>\n<a href=\"https:\/\/retrobrico.fr\/?tag=nintendo-64\" class=\"tag-cloud-link tag-link-26 tag-link-position-24\" style=\"font-size: 12pt;\" aria-label=\"Nintendo 64 (5 \u00e9l\u00e9ments)\">Nintendo 64<span class=\"tag-link-count\"> (5)<\/span><\/a>\n<a href=\"https:\/\/retrobrico.fr\/?tag=philips\" class=\"tag-cloud-link tag-link-27 tag-link-position-25\" style=\"font-size: 10.5pt;\" aria-label=\"Philips (3 \u00e9l\u00e9ments)\">Philips<span class=\"tag-link-count\"> (3)<\/span><\/a>\n<a href=\"https:\/\/retrobrico.fr\/?tag=playstation\" class=\"tag-cloud-link tag-link-28 tag-link-position-26\" style=\"font-size: 15.75pt;\" aria-label=\"PlayStation (16 \u00e9l\u00e9ments)\">PlayStation<span class=\"tag-link-count\"> (16)<\/span><\/a>\n<a href=\"https:\/\/retrobrico.fr\/?tag=playstation-2\" class=\"tag-cloud-link tag-link-29 tag-link-position-27\" style=\"font-size: 13.416666666667pt;\" aria-label=\"PlayStation 2 (8 \u00e9l\u00e9ments)\">PlayStation 2<span class=\"tag-link-count\"> (8)<\/span><\/a>\n<a href=\"https:\/\/retrobrico.fr\/?tag=playstation-3\" class=\"tag-cloud-link tag-link-55 tag-link-position-28\" style=\"font-size: 12.583333333333pt;\" aria-label=\"PlayStation 3 (6 \u00e9l\u00e9ments)\">PlayStation 3<span class=\"tag-link-count\"> (6)<\/span><\/a>\n<a href=\"https:\/\/retrobrico.fr\/?tag=playstation-4\" class=\"tag-cloud-link tag-link-61 tag-link-position-29\" style=\"font-size: 10.5pt;\" aria-label=\"PlayStation 4 (3 \u00e9l\u00e9ments)\">PlayStation 4<span class=\"tag-link-count\"> (3)<\/span><\/a>\n<a href=\"https:\/\/retrobrico.fr\/?tag=pong\" class=\"tag-cloud-link tag-link-62 tag-link-position-30\" style=\"font-size: 8pt;\" aria-label=\"Pong (1 \u00e9l\u00e9ment)\">Pong<span class=\"tag-link-count\"> (1)<\/span><\/a>\n<a href=\"https:\/\/retrobrico.fr\/?tag=psone\" class=\"tag-cloud-link tag-link-30 tag-link-position-31\" style=\"font-size: 13pt;\" aria-label=\"PSOne (7 \u00e9l\u00e9ments)\">PSOne<span class=\"tag-link-count\"> (7)<\/span><\/a>\n<a href=\"https:\/\/retrobrico.fr\/?tag=psp\" class=\"tag-cloud-link tag-link-31 tag-link-position-32\" style=\"font-size: 13pt;\" aria-label=\"PSP (7 \u00e9l\u00e9ments)\">PSP<span class=\"tag-link-count\"> (7)<\/span><\/a>\n<a href=\"https:\/\/retrobrico.fr\/?tag=scope\" class=\"tag-cloud-link tag-link-32 tag-link-position-33\" style=\"font-size: 13pt;\" aria-label=\"Scope (7 \u00e9l\u00e9ments)\">Scope<span class=\"tag-link-count\"> (7)<\/span><\/a>\n<a href=\"https:\/\/retrobrico.fr\/?tag=sega\" class=\"tag-cloud-link tag-link-33 tag-link-position-34\" style=\"font-size: 18.083333333333pt;\" aria-label=\"Sega (31 \u00e9l\u00e9ments)\">Sega<span class=\"tag-link-count\"> (31)<\/span><\/a>\n<a href=\"https:\/\/retrobrico.fr\/?tag=snes\" class=\"tag-cloud-link tag-link-34 tag-link-position-35\" style=\"font-size: 16.166666666667pt;\" aria-label=\"SNES \/ SFC (18 \u00e9l\u00e9ments)\">SNES \/ SFC<span class=\"tag-link-count\"> (18)<\/span><\/a>\n<a href=\"https:\/\/retrobrico.fr\/?tag=sony\" class=\"tag-cloud-link tag-link-35 tag-link-position-36\" style=\"font-size: 18.083333333333pt;\" aria-label=\"Sony (31 \u00e9l\u00e9ments)\">Sony<span class=\"tag-link-count\"> (31)<\/span><\/a>\n<a href=\"https:\/\/retrobrico.fr\/?tag=suncom\" class=\"tag-cloud-link tag-link-41 tag-link-position-37\" style=\"font-size: 8pt;\" aria-label=\"SunCom (1 \u00e9l\u00e9ment)\">SunCom<span class=\"tag-link-count\"> (1)<\/span><\/a>\n<a href=\"https:\/\/retrobrico.fr\/?tag=supervision\" class=\"tag-cloud-link tag-link-45 tag-link-position-38\" style=\"font-size: 11.333333333333pt;\" aria-label=\"Supervision (4 \u00e9l\u00e9ments)\">Supervision<span class=\"tag-link-count\"> (4)<\/span><\/a>\n<a href=\"https:\/\/retrobrico.fr\/?tag=switch\" class=\"tag-cloud-link tag-link-54 tag-link-position-39\" style=\"font-size: 10.5pt;\" aria-label=\"Switch (3 \u00e9l\u00e9ments)\">Switch<span class=\"tag-link-count\"> (3)<\/span><\/a>\n<a href=\"https:\/\/retrobrico.fr\/?tag=watara\" class=\"tag-cloud-link tag-link-44 tag-link-position-40\" style=\"font-size: 11.333333333333pt;\" aria-label=\"Watara (4 \u00e9l\u00e9ments)\">Watara<span class=\"tag-link-count\"> (4)<\/span><\/a>\n<a href=\"https:\/\/retrobrico.fr\/?tag=wii\" class=\"tag-cloud-link tag-link-65 tag-link-position-41\" style=\"font-size: 8pt;\" aria-label=\"Wii (1 \u00e9l\u00e9ment)\">Wii<span class=\"tag-link-count\"> (1)<\/span><\/a>\n<a href=\"https:\/\/retrobrico.fr\/?tag=wii-u\" class=\"tag-cloud-link tag-link-47 tag-link-position-42\" style=\"font-size: 9.5pt;\" aria-label=\"Wii U (2 \u00e9l\u00e9ments)\">Wii U<span class=\"tag-link-count\"> (2)<\/span><\/a>\n<a href=\"https:\/\/retrobrico.fr\/?tag=wonderswan\" class=\"tag-cloud-link tag-link-38 tag-link-position-43\" style=\"font-size: 13.416666666667pt;\" aria-label=\"WonderSwan (8 \u00e9l\u00e9ments)\">WonderSwan<span class=\"tag-link-count\"> (8)<\/span><\/a>\n<a href=\"https:\/\/retrobrico.fr\/?tag=xbox\" class=\"tag-cloud-link tag-link-42 tag-link-position-44\" style=\"font-size: 9.5pt;\" aria-label=\"Xbox (2 \u00e9l\u00e9ments)\">Xbox<span class=\"tag-link-count\"> (2)<\/span><\/a>\n<a href=\"https:\/\/retrobrico.fr\/?tag=xbox-360\" class=\"tag-cloud-link tag-link-58 tag-link-position-45\" style=\"font-size: 9.5pt;\" aria-label=\"Xbox 360 (2 \u00e9l\u00e9ments)\">Xbox 360<span class=\"tag-link-count\"> (2)<\/span><\/a><\/p>\n\n\n<hr class=\"wp-block-separator\"\/>\n\n\n\n<h4 class=\"wp-block-heading\">Les 10 derniers articles du blog :<\/h4>\n\n\n<ul class=\"wp-block-latest-posts__list wp-block-latest-posts\"><li><div class=\"wp-block-latest-posts__featured-image alignleft\"><img loading=\"lazy\" decoding=\"async\" width=\"150\" height=\"150\" src=\"https:\/\/retrobrico.fr\/wp-content\/uploads\/2025\/10\/IMG_20251004_101119517-150x150.jpg\" class=\"attachment-thumbnail size-thumbnail wp-post-image\" alt=\"\" style=\"\" \/><\/div><a class=\"wp-block-latest-posts__post-title\" href=\"https:\/\/retrobrico.fr\/?p=5673\">Bricolage &#8211; Game Boy<\/a><div class=\"wp-block-latest-posts__post-excerpt\">Je n&rsquo;avais encore jamais re\u00e7u une console dans cet \u00e9tat !<\/div><\/li>\n<li><div class=\"wp-block-latest-posts__featured-image alignleft\"><img loading=\"lazy\" decoding=\"async\" width=\"150\" height=\"150\" src=\"https:\/\/retrobrico.fr\/wp-content\/uploads\/2025\/09\/IMG_20250713_155324305-150x150.jpg\" class=\"attachment-thumbnail size-thumbnail wp-post-image\" alt=\"\" style=\"\" \/><\/div><a class=\"wp-block-latest-posts__post-title\" href=\"https:\/\/retrobrico.fr\/?p=5559\">Bricolage &#8211; Nintendo DS Lite<\/a><div class=\"wp-block-latest-posts__post-excerpt\">Si vous changez les \u00e9crans de votre DS Lite, lisez jusqu&rsquo;au bout !<\/div><\/li>\n<li><div class=\"wp-block-latest-posts__featured-image alignleft\"><img loading=\"lazy\" decoding=\"async\" width=\"150\" height=\"150\" src=\"https:\/\/retrobrico.fr\/wp-content\/uploads\/2025\/06\/IMG_20250628_154604583-150x150.jpg\" class=\"attachment-thumbnail size-thumbnail wp-post-image\" alt=\"\" style=\"\" \/><\/div><a class=\"wp-block-latest-posts__post-title\" href=\"https:\/\/retrobrico.fr\/?p=5530\">Bricolage &#8211; Game Boy Color<\/a><div class=\"wp-block-latest-posts__post-excerpt\">R\u00e9paration rapide de la GBC d&rsquo;un ami \ud83d\ude42<\/div><\/li>\n<li><div class=\"wp-block-latest-posts__featured-image alignleft\"><img loading=\"lazy\" decoding=\"async\" width=\"150\" height=\"150\" src=\"https:\/\/retrobrico.fr\/wp-content\/uploads\/2025\/04\/20250302_153329-150x150.jpg\" class=\"attachment-thumbnail size-thumbnail wp-post-image\" alt=\"\" style=\"\" \/><\/div><a class=\"wp-block-latest-posts__post-title\" href=\"https:\/\/retrobrico.fr\/?p=5478\">Bricolage &#8211; Cyberbike<\/a><div class=\"wp-block-latest-posts__post-excerpt\">R\u00e9paration d&rsquo;un accessoire Wii tr\u00e8s encombrant &#8230;<\/div><\/li>\n<li><div class=\"wp-block-latest-posts__featured-image alignleft\"><img loading=\"lazy\" decoding=\"async\" width=\"150\" height=\"150\" src=\"https:\/\/retrobrico.fr\/wp-content\/uploads\/2025\/02\/20250202_221501-150x150.jpg\" class=\"attachment-thumbnail size-thumbnail wp-post-image\" alt=\"\" style=\"\" \/><\/div><a class=\"wp-block-latest-posts__post-title\" href=\"https:\/\/retrobrico.fr\/?p=5446\">Bricolage &#8211; D\u00e9poussi\u00e9rage d&rsquo;un vid\u00e9oprojecteur<\/a><div class=\"wp-block-latest-posts__post-excerpt\">Le record de poussi\u00e8re sur le blog !<\/div><\/li>\n<li><div class=\"wp-block-latest-posts__featured-image alignleft\"><img loading=\"lazy\" decoding=\"async\" width=\"150\" height=\"150\" src=\"https:\/\/retrobrico.fr\/wp-content\/uploads\/2024\/11\/20241120_183607-150x150.jpg\" class=\"attachment-thumbnail size-thumbnail wp-post-image\" alt=\"\" style=\"\" \/><\/div><a class=\"wp-block-latest-posts__post-title\" href=\"https:\/\/retrobrico.fr\/?p=5410\">Tuto &#8211; Changer la pile de sauvegarde d&rsquo;une GameCube<\/a><div class=\"wp-block-latest-posts__post-excerpt\">Remplacement de la pile de sauvegarde d&rsquo;une GameCube.<\/div><\/li>\n<li><div class=\"wp-block-latest-posts__featured-image alignleft\"><img loading=\"lazy\" decoding=\"async\" width=\"150\" height=\"150\" src=\"https:\/\/retrobrico.fr\/wp-content\/uploads\/2024\/11\/20241027_214808-150x150.jpg\" class=\"attachment-thumbnail size-thumbnail wp-post-image\" alt=\"\" style=\"\" \/><\/div><a class=\"wp-block-latest-posts__post-title\" href=\"https:\/\/retrobrico.fr\/?p=5371\">Bricolage &#8211; Manettes de GameCube<\/a><div class=\"wp-block-latest-posts__post-excerpt\">Remplacement de joysticks et nettoyage.<\/div><\/li>\n<li><div class=\"wp-block-latest-posts__featured-image alignleft\"><img loading=\"lazy\" decoding=\"async\" width=\"150\" height=\"150\" src=\"https:\/\/retrobrico.fr\/wp-content\/uploads\/2024\/10\/20240923_215344-150x150.jpg\" class=\"attachment-thumbnail size-thumbnail wp-post-image\" alt=\"\" style=\"\" \/><\/div><a class=\"wp-block-latest-posts__post-title\" href=\"https:\/\/retrobrico.fr\/?p=5327\">Bricolage &#8211; Game Gear<\/a><div class=\"wp-block-latest-posts__post-excerpt\">Un simple probl\u00e8me de condensateurs.<\/div><\/li>\n<li><div class=\"wp-block-latest-posts__featured-image alignleft\"><img loading=\"lazy\" decoding=\"async\" width=\"150\" height=\"150\" src=\"https:\/\/retrobrico.fr\/wp-content\/uploads\/2024\/10\/Pinecil-butt-1024x1024-1-150x150.jpg\" class=\"attachment-thumbnail size-thumbnail wp-post-image\" alt=\"\" style=\"\" \/><\/div><a class=\"wp-block-latest-posts__post-title\" href=\"https:\/\/retrobrico.fr\/?p=5310\">Outil &#8211; Fer \u00e0 souder PINECIL<\/a><div class=\"wp-block-latest-posts__post-excerpt\">Aujourd&rsquo;hui, j&rsquo;ai un nouveau jouet ! Apr\u00e8s 5 ans de bons et loyaux services, mon fer \u00e0 souder a quelques soucis. Il chauffe encore mais son support est cass\u00e9 et l&#8217;embout ne tiens pas tr\u00e8s bien &#8230; bref, c&rsquo;\u00e9tait l&rsquo;occasion&#8230; <a class=\"more-link\" href=\"https:\/\/retrobrico.fr\/?p=5310\">Continue Reading &rarr;<\/a><\/div><\/li>\n<li><div class=\"wp-block-latest-posts__featured-image alignleft\"><img loading=\"lazy\" decoding=\"async\" width=\"150\" height=\"150\" src=\"https:\/\/retrobrico.fr\/wp-content\/uploads\/2024\/10\/20241008_221637-150x150.jpg\" class=\"attachment-thumbnail size-thumbnail wp-post-image\" alt=\"\" style=\"\" \/><\/div><a class=\"wp-block-latest-posts__post-title\" href=\"https:\/\/retrobrico.fr\/?p=5292\">Colis du 08\/10\/2024<\/a><div class=\"wp-block-latest-posts__post-excerpt\">Un nouvel achat apr\u00e8s plus d&rsquo;un an !<\/div><\/li>\n<\/ul>","protected":false},"excerpt":{"rendered":"<p>Bienvenu sur mon blog de bricolage r\u00e9tro \ud83e\udd17 Je me suis lanc\u00e9 dans la r\u00e9paration de vieilles consoles en 2019, et j\u2019ai pens\u00e9 que r\u00e9diger un \u00ab&nbsp;journal de voyage&nbsp;\u00bb serait sympa. \u00c7a me permet de m\u2019organiser un peu et de&#8230; <a class=\"more-link\" href=\"https:\/\/retrobrico.fr\/?page_id=365\">Continue Reading &rarr;<\/a><\/p>\n","protected":false},"author":2,"featured_media":3378,"parent":0,"menu_order":0,"comment_status":"closed","ping_status":"closed","template":"","meta":{"footnotes":""},"class_list":["post-365","page","type-page","status-publish","has-post-thumbnail","hentry"],"post_mailing_queue_ids":[],"_links":{"self":[{"href":"https:\/\/retrobrico.fr\/index.php?rest_route=\/wp\/v2\/pages\/365","targetHints":{"allow":["GET"]}}],"collection":[{"href":"https:\/\/retrobrico.fr\/index.php?rest_route=\/wp\/v2\/pages"}],"about":[{"href":"https:\/\/retrobrico.fr\/index.php?rest_route=\/wp\/v2\/types\/page"}],"author":[{"embeddable":true,"href":"https:\/\/retrobrico.fr\/index.php?rest_route=\/wp\/v2\/users\/2"}],"replies":[{"embeddable":true,"href":"https:\/\/retrobrico.fr\/index.php?rest_route=%2Fwp%2Fv2%2Fcomments&post=365"}],"version-history":[{"count":11,"href":"https:\/\/retrobrico.fr\/index.php?rest_route=\/wp\/v2\/pages\/365\/revisions"}],"predecessor-version":[{"id":4060,"href":"https:\/\/retrobrico.fr\/index.php?rest_route=\/wp\/v2\/pages\/365\/revisions\/4060"}],"wp:featuredmedia":[{"embeddable":true,"href":"https:\/\/retrobrico.fr\/index.php?rest_route=\/wp\/v2\/media\/3378"}],"wp:attachment":[{"href":"https:\/\/retrobrico.fr\/index.php?rest_route=%2Fwp%2Fv2%2Fmedia&parent=365"}],"curies":[{"name":"wp","href":"https:\/\/api.w.org\/{rel}","templated":true}]}}